{"id":32,"date":"2021-05-26T14:00:06","date_gmt":"2021-05-26T14:00:06","guid":{"rendered":"https:\/\/rechtsextremismus.catatec.ch\/?page_id=32"},"modified":"2021-12-07T12:05:00","modified_gmt":"2021-12-07T10:05:00","slug":"home","status":"publish","type":"page","link":"\/","title":{"rendered":"Home"},"content":{"rendered":"\t\t<div data-elementor-type=\"wp-page\" data-elementor-id=\"32\" class=\"elementor elementor-32\" data-elementor-settings=\"[]\">\n\t\t\t\t\t\t\t<div class=\"elementor-section-wrap\">\n\t\t\t\t\t\t\t<section class=\"elementor-section elementor-top-section elementor-element elementor-element-e1266b7 elementor-section-height-full elementor-hidden-tablet elementor-hidden-phone elementor-section-boxed elementor-section-height-default elementor-section-items-middle\" data-id=\"e1266b7\" data-element_type=\"section\">\n\t\t\t\t\t\t<div class=\"elementor-container elementor-column-gap-default\">\n\t\t\t\t\t<div class=\"elementor-column elementor-col-100 elementor-top-column elementor-element elementor-element-e12ad3a\" data-id=\"e12ad3a\" data-element_type=\"column\">\n\t\t\t<div class=\"elementor-widget-wrap elementor-element-populated\">\n\t\t\t\t\t\t\t\t<div class=\"elementor-element elementor-element-8e4d8b1 elementor-widget elementor-widget-image\" data-id=\"8e4d8b1\" data-element_type=\"widget\" data-widget_type=\"image.default\">\n\t\t\t\t<div class=\"elementor-widget-container\">\n\t\t\t\t\t\t\t\t\t\t\t\t\t\t\t<img width=\"1920\" height=\"1060\" src=\"\/wp-content\/uploads\/2021\/05\/Home-\u2013-2.png\" class=\"attachment-full size-full\" alt=\"\" loading=\"lazy\" srcset=\"\/wp-content\/uploads\/2021\/05\/Home-\u2013-2.png 1920w, \/wp-content\/uploads\/2021\/05\/Home-\u2013-2-300x166.png 300w, \/wp-content\/uploads\/2021\/05\/Home-\u2013-2-1024x565.png 1024w, \/wp-content\/uploads\/2021\/05\/Home-\u2013-2-768x424.png 768w, \/wp-content\/uploads\/2021\/05\/Home-\u2013-2-1536x848.png 1536w\" sizes=\"(max-width: 1920px) 100vw, 1920px\" \/>\t\t\t\t\t\t\t\t\t\t\t\t\t\t\t<\/div>\n\t\t\t\t<\/div>\n\t\t\t\t\t<\/div>\n\t\t<\/div>\n\t\t\t\t\t\t\t<\/div>\n\t\t<\/section>\n\t\t\t\t<section class=\"elementor-section elementor-top-section elementor-element elementor-element-ff6995e elementor-section-height-full elementor-hidden-desktop elementor-section-boxed elementor-section-height-default elementor-section-items-middle\" data-id=\"ff6995e\" data-element_type=\"section\">\n\t\t\t\t\t\t<div class=\"elementor-container elementor-column-gap-default\">\n\t\t\t\t\t<div class=\"elementor-column elementor-col-100 elementor-top-column elementor-element elementor-element-5a29138\" data-id=\"5a29138\" data-element_type=\"column\">\n\t\t\t<div class=\"elementor-widget-wrap elementor-element-populated\">\n\t\t\t\t\t\t\t\t<div class=\"elementor-element elementor-element-d35448e elementor-widget elementor-widget-image\" data-id=\"d35448e\" data-element_type=\"widget\" data-widget_type=\"image.default\">\n\t\t\t\t<div class=\"elementor-widget-container\">\n\t\t\t\t\t\t\t\t\t\t\t\t\t\t\t<img width=\"428\" height=\"926\" src=\"\/wp-content\/uploads\/2021\/05\/iPhone-12-Pro-Max-\u2013-1.png\" class=\"attachment-full size-full\" alt=\"\" loading=\"lazy\" srcset=\"\/wp-content\/uploads\/2021\/05\/iPhone-12-Pro-Max-\u2013-1.png 428w, \/wp-content\/uploads\/2021\/05\/iPhone-12-Pro-Max-\u2013-1-139x300.png 139w\" sizes=\"(max-width: 428px) 100vw, 428px\" \/>\t\t\t\t\t\t\t\t\t\t\t\t\t\t\t<\/div>\n\t\t\t\t<\/div>\n\t\t\t\t\t<\/div>\n\t\t<\/div>\n\t\t\t\t\t\t\t<\/div>\n\t\t<\/section>\n\t\t\t\t<section class=\"elementor-section elementor-top-section elementor-element elementor-element-46bac48b elementor-section-boxed elementor-section-height-default elementor-section-height-default\" data-id=\"46bac48b\" data-element_type=\"section\">\n\t\t\t\t\t\t<div class=\"elementor-container elementor-column-gap-default\">\n\t\t\t\t\t<div class=\"elementor-column elementor-col-100 elementor-top-column elementor-element elementor-element-2ffdd43a\" data-id=\"2ffdd43a\" data-element_type=\"column\">\n\t\t\t<div class=\"elementor-widget-wrap elementor-element-populated\">\n\t\t\t\t\t\t\t\t<div class=\"elementor-element elementor-element-a5057a8 elementor-hidden-tablet elementor-hidden-phone elementor-widget elementor-widget-spacer\" data-id=\"a5057a8\" data-element_type=\"widget\" data-widget_type=\"spacer.default\">\n\t\t\t\t<div class=\"elementor-widget-container\">\n\t\t\t\t\t<div class=\"elementor-spacer\">\n\t\t\t<div class=\"elementor-spacer-inner\"><\/div>\n\t\t<\/div>\n\t\t\t\t<\/div>\n\t\t\t\t<\/div>\n\t\t\t\t\t<\/div>\n\t\t<\/div>\n\t\t\t\t\t\t\t<\/div>\n\t\t<\/section>\n\t\t\t\t<section class=\"elementor-section elementor-top-section elementor-element elementor-element-0eab116 elementor-section-boxed elementor-section-height-default elementor-section-height-default\" data-id=\"0eab116\" data-element_type=\"section\">\n\t\t\t\t\t\t<div class=\"elementor-container elementor-column-gap-default\">\n\t\t\t\t\t<div class=\"elementor-column elementor-col-100 elementor-top-column elementor-element elementor-element-8181c7a\" data-id=\"8181c7a\" data-element_type=\"column\">\n\t\t\t<div class=\"elementor-widget-wrap elementor-element-populated\">\n\t\t\t\t\t\t\t\t<div class=\"elementor-element elementor-element-316e757 elementor-widget elementor-widget-spacer\" data-id=\"316e757\" data-element_type=\"widget\" data-widget_type=\"spacer.default\">\n\t\t\t\t<div class=\"elementor-widget-container\">\n\t\t\t\t\t<div class=\"elementor-spacer\">\n\t\t\t<div class=\"elementor-spacer-inner\"><\/div>\n\t\t<\/div>\n\t\t\t\t<\/div>\n\t\t\t\t<\/div>\n\t\t\t\t\t<\/div>\n\t\t<\/div>\n\t\t\t\t\t\t\t<\/div>\n\t\t<\/section>\n\t\t\t\t<section class=\"elementor-section elementor-top-section elementor-element elementor-element-06209d5 elementor-section-full_width elementor-section-stretched elementor-section-height-default elementor-section-height-default\" data-id=\"06209d5\" data-element_type=\"section\" data-settings=\"{&quot;background_background&quot;:&quot;classic&quot;,&quot;stretch_section&quot;:&quot;section-stretched&quot;}\">\n\t\t\t\t\t\t<div class=\"elementor-container elementor-column-gap-default\">\n\t\t\t\t\t<div class=\"elementor-column elementor-col-100 elementor-top-column elementor-element elementor-element-16f93e1\" data-id=\"16f93e1\" data-element_type=\"column\">\n\t\t\t<div class=\"elementor-widget-wrap elementor-element-populated\">\n\t\t\t\t\t\t\t\t<section class=\"elementor-section elementor-inner-section elementor-element elementor-element-ee631df elementor-section-boxed elementor-section-height-default elementor-section-height-default\" data-id=\"ee631df\" data-element_type=\"section\">\n\t\t\t\t\t\t<div class=\"elementor-container elementor-column-gap-default\">\n\t\t\t\t\t<div class=\"elementor-column elementor-col-100 elementor-inner-column elementor-element elementor-element-0cf765e\" data-id=\"0cf765e\" data-element_type=\"column\">\n\t\t\t<div class=\"elementor-widget-wrap elementor-element-populated\">\n\t\t\t\t\t\t\t\t<div class=\"elementor-element elementor-element-d0cf7e6 elementor-widget elementor-widget-heading\" data-id=\"d0cf7e6\" data-element_type=\"widget\" data-widget_type=\"heading.default\">\n\t\t\t\t<div class=\"elementor-widget-container\">\n\t\t\t<h2 class=\"elementor-heading-title elementor-size-default\">Einf\u00fchrung und Begriffserkl\u00e4rung<\/h2>\t\t<\/div>\n\t\t\t\t<\/div>\n\t\t\t\t\t<\/div>\n\t\t<\/div>\n\t\t\t\t\t\t\t<\/div>\n\t\t<\/section>\n\t\t\t\t<section class=\"elementor-section elementor-inner-section elementor-element elementor-element-c13e7e3 elementor-section-boxed elementor-section-height-default elementor-section-height-default\" data-id=\"c13e7e3\" data-element_type=\"section\">\n\t\t\t\t\t\t<div class=\"elementor-container elementor-column-gap-wider\">\n\t\t\t\t\t<div class=\"elementor-column elementor-col-100 elementor-inner-column elementor-element elementor-element-24685e6\" data-id=\"24685e6\" data-element_type=\"column\">\n\t\t\t<div class=\"elementor-widget-wrap elementor-element-populated\">\n\t\t\t\t\t\t\t\t<div class=\"elementor-element elementor-element-aa4c389 elementor-widget elementor-widget-text-editor\" data-id=\"aa4c389\" data-element_type=\"widget\" data-widget_type=\"text-editor.default\">\n\t\t\t\t<div class=\"elementor-widget-container\">\n\t\t\t\t\t\t\t\t<p><span style=\"color: #000000;\"><span style=\"font-weight: 400;\">Rechtsextremismus steht in fundamentalem Widerspruch mit der Vorstellung der Gleichwertigkeit aller Menschen und im Widerspruch zu einer freiheitlichen Gesellschaft. <\/span><span style=\"font-weight: 400;\">W\u00e4hrend Rechtsstaaten verfassungsm\u00e4ssige Grundfreiheiten garantieren, zielen rechtsextremistische Str\u00f6mungen auf deren Abschaffung. Rechtsextreme streben eine homogene Gesellschaft an, in denen ausschliesslich Menschen gleicher Herkunft leben. Sie wollen politische Gegner*innen, Andersdenkende, oder Mitglieder von als minderwertig bezeichneten Bev\u00f6lkerungsgruppen unterdr\u00fccken und diskriminieren, ausschalten oder ausweisen.\u00a0<\/span><\/span><\/p><p><\/p>\t\t\t\t\t\t<\/div>\n\t\t\t\t<\/div>\n\t\t\t\t<div class=\"elementor-element elementor-element-2fbe8e7 elementor-widget elementor-widget-text-editor\" data-id=\"2fbe8e7\" data-element_type=\"widget\" data-widget_type=\"text-editor.default\">\n\t\t\t\t<div class=\"elementor-widget-container\">\n\t\t\t\t\t\t\t\t<p><span style=\"color: #000000;\"><span style=\"font-weight: 400;\">Die rechtsextreme Szene und mit ihr ihre Sympathisant*innen haben sich in den letzten Jahren ver\u00e4ndert. Ihre Strukturen und Ausdruckweisen folgten dem gesellschaftlichen Wandel und sind nicht immer einfach zu fassen. Der Kern ihrer menschenfeindlichen Ideologie aber bleibt: Diskriminierung und Gewalt gegen Minderheiten und gegen politische Gegner*innnen. <\/span><span style=\"font-weight: 400;\"><\/span><span style=\"font-weight: 400;\"><\/span><\/span><span style=\"color: #000000;\"><span style=\"font-weight: 400;\"><\/span><\/span><\/p>\t\t\t\t\t\t<\/div>\n\t\t\t\t<\/div>\n\t\t\t\t<div class=\"elementor-element elementor-element-3b61021 elementor-widget elementor-widget-text-editor\" data-id=\"3b61021\" data-element_type=\"widget\" data-widget_type=\"text-editor.default\">\n\t\t\t\t<div class=\"elementor-widget-container\">\n\t\t\t\t\t\t\t\t<p><span style=\"color: #000000;\"><span style=\"font-weight: 400;\">Rechtsextreme Morde und Terroranschl\u00e4ge sind in der Schweiz selten, Studien zeigen aber, dass sie eine stete Gefahr darstellen, die seit den 2010er Jahren tendenziell zunimmt (Institute for Economics and Peace, 2020). Internationale Beachtung erhielten beispielsweise die Morde und Bank\u00fcberf\u00e4lle des Nationalsozialistischen Untergrunds (NSU), begangen zwischen 2001 und 2011 in Deutschland. Ebenso Attentate von rechtsextrem motivierten Einzelt\u00e4tern, wie der Anschlag auf die Jugendorganisation der norwegischen Arbeiterpartei auf der Insel Ut<\/span><span style=\"font-weight: 400;\">\u00f8<\/span><span style=\"font-weight: 400;\">ya im Sommer 2011 und der Angriff auf zwei Moscheen im neuseel\u00e4ndischen Christchurch im Fr\u00fchling 2019.<\/span><\/span><span style=\"color: #000000;\"><span style=\"font-weight: 400;\"><\/span><\/span><\/p>\t\t\t\t\t\t<\/div>\n\t\t\t\t<\/div>\n\t\t\t\t<div class=\"elementor-element elementor-element-47d0707 elementor-widget elementor-widget-text-editor\" data-id=\"47d0707\" data-element_type=\"widget\" data-widget_type=\"text-editor.default\">\n\t\t\t\t<div class=\"elementor-widget-container\">\n\t\t\t\t\t\t\t\t<p><span style=\"color: #000000;\"><span style=\"font-weight: 400;\">Diese Seite versucht aufzuzeigen, aus welchen Elementen <\/span><em><span style=\"font-weight: 400;\"><a href=\"\/index.php\/themen\/definition\/\">Rechtsextremismus<\/a> <\/span><\/em><span style=\"font-weight: 400;\">besteht, wie und <\/span><span style=\"font-weight: 400;\"><a href=\"\/index.php\/themen\/rechte-szene\/\"><em>in welcher Form<\/em><\/a> <\/span><span style=\"font-weight: 400;\">diese Ideologie sich zeigt und <\/span><span style=\"font-weight: 400;\"><em><a href=\"\/index.php\/werde-aktiv\/\">wie darauf reagiert werden kann<\/a><\/em><\/span><span style=\"font-weight: 400;\">.\u00a0<\/span><\/span><span style=\"color: #000000;\"><span style=\"font-weight: 400;\"><\/span><\/span><\/p>\t\t\t\t\t\t<\/div>\n\t\t\t\t<\/div>\n\t\t\t\t<div class=\"elementor-element elementor-element-e5d5228 elementor-widget elementor-widget-text-editor\" data-id=\"e5d5228\" data-element_type=\"widget\" data-widget_type=\"text-editor.default\">\n\t\t\t\t<div class=\"elementor-widget-container\">\n\t\t\t\t\t\t\t\t<p><span style=\"color: #000000;\"><span style=\"font-weight: 400;\">Die Seite richtet sich in erster Linie an interessierte Einzelpersonen und Akteure der <\/span><em><span style=\"font-weight: 400;\"><a href=\"\/index.php\/werde-aktiv\/jede-person-kann-aktiv-werden\/\">Zivilgesellschaft<\/a><\/span><\/em><span style=\"font-weight: 400;\">, von <\/span><span style=\"font-weight: 400;\"><em><a href=\"\/index.php\/werde-aktiv\/rechtsextremismus-im-jugendalter\/\">Bildung- und Erziehung <\/a><\/em><\/span><span style=\"font-weight: 400;\">sowie des <\/span><span style=\"font-weight: 400;\"><a href=\"\/index.php\/werde-aktiv\/aktiv-werden-im-gemeinwesen\/\">Gemeinwesens.<\/a><\/span><span style=\"font-weight: 400;\"><br \/><\/span><span style=\"font-weight: 400;\"><\/span><\/span><span style=\"color: #000000;\"><span style=\"font-weight: 400;\"><\/span><\/span><\/p>\t\t\t\t\t\t<\/div>\n\t\t\t\t<\/div>\n\t\t\t\t<div class=\"elementor-element elementor-element-399633a elementor-widget elementor-widget-text-editor\" data-id=\"399633a\" data-element_type=\"widget\" data-widget_type=\"text-editor.default\">\n\t\t\t\t<div class=\"elementor-widget-container\">\n\t\t\t\t\t\t\t\t<p><span style=\"color: #000000;\"><span style=\"font-weight: 400;\">Die Zivilgesellschaft ist &#8211; neben der Arbeitswelt, dem Bildungswesen, den Medien, der Politik und den Beh\u00f6rden \u2013 der wirkungsm\u00e4chtigste Akteur in den Auseinandersetzungen mit Rechtsextremismus und Rassismus.<\/span><\/span><\/p>\t\t\t\t\t\t<\/div>\n\t\t\t\t<\/div>\n\t\t\t\t<div class=\"elementor-element elementor-element-1121554 elementor-widget elementor-widget-text-editor\" data-id=\"1121554\" data-element_type=\"widget\" data-widget_type=\"text-editor.default\">\n\t\t\t\t<div class=\"elementor-widget-container\">\n\t\t\t\t\t\t\t\t<p><span style=\"font-weight: 400; color: #000000;\">Sind Vereine und soziale Bewegungen an demokratischen Werten orientiert und selbst demokratisch strukturiert, dann k\u00f6nnen sie so etwas sein, wie eine Akademie der Demokratie. Doch sie k\u00f6nnen noch mehr: Sie k\u00f6nnen Schwerpunkte setzen und damit das gesellschaftliche Problem \u201aRechtsextremismus\u2018 zum \u00f6ffentlichen Thema machen.<\/span><span style=\"color: #000000;\"><span style=\"font-weight: 400;\"><\/span><\/span><\/p>\t\t\t\t\t\t<\/div>\n\t\t\t\t<\/div>\n\t\t\t\t<div class=\"elementor-element elementor-element-3e872a4 elementor-widget elementor-widget-text-editor\" data-id=\"3e872a4\" data-element_type=\"widget\" data-widget_type=\"text-editor.default\">\n\t\t\t\t<div class=\"elementor-widget-container\">\n\t\t\t\t\t\t\t\t<p><span style=\"font-weight: 400; color: #000000;\">Rechtsextremismus l\u00e4sst sich nur erfolgreich bek\u00e4mpfen, wenn Zivilgesellschaft und Medien, Arbeitswelt und Bildungswesen sowie Politik und Beh\u00f6rden daran beteiligen und Rechtsextremismus, Rassismus und Sozialdarwinismus als ausserhalb gesellschaftlich akzeptierter Diskurse ansehen.<\/span><\/p>\t\t\t\t\t\t<\/div>\n\t\t\t\t<\/div>\n\t\t\t\t\t<\/div>\n\t\t<\/div>\n\t\t\t\t\t\t\t<\/div>\n\t\t<\/section>\n\t\t\t\t\t<\/div>\n\t\t<\/div>\n\t\t\t\t\t\t\t<\/div>\n\t\t<\/section>\n\t\t\t\t<section class=\"elementor-section elementor-top-section elementor-element elementor-element-ea2c69a elementor-section-full_width elementor-section-stretched elementor-section-height-default elementor-section-height-default\" data-id=\"ea2c69a\" data-element_type=\"section\" data-settings=\"{&quot;background_background&quot;:&quot;classic&quot;,&quot;stretch_section&quot;:&quot;section-stretched&quot;}\">\n\t\t\t\t\t\t<div class=\"elementor-container elementor-column-gap-default\">\n\t\t\t\t\t<div class=\"elementor-column elementor-col-100 elementor-top-column elementor-element elementor-element-23e8107\" data-id=\"23e8107\" data-element_type=\"column\">\n\t\t\t<div class=\"elementor-widget-wrap elementor-element-populated\">\n\t\t\t\t\t\t\t\t<section class=\"elementor-section elementor-inner-section elementor-element elementor-element-0277df6 elementor-section-boxed elementor-section-height-default elementor-section-height-default\" data-id=\"0277df6\" data-element_type=\"section\">\n\t\t\t\t\t\t<div class=\"elementor-container elementor-column-gap-wider\">\n\t\t\t\t\t<div class=\"elementor-column elementor-col-100 elementor-inner-column elementor-element elementor-element-51939a5\" data-id=\"51939a5\" data-element_type=\"column\">\n\t\t\t<div class=\"elementor-widget-wrap elementor-element-populated\">\n\t\t\t\t\t\t\t\t<div class=\"elementor-element elementor-element-b15801c elementor-widget elementor-widget-text-editor\" data-id=\"b15801c\" data-element_type=\"widget\" data-widget_type=\"text-editor.default\">\n\t\t\t\t<div class=\"elementor-widget-container\">\n\t\t\t\t\t\t\t\t<p><span style=\"color: #000000;\"><span style=\"font-weight: 400;\">Bibliographie: Institute for Economics &amp; Peace: Global Terrorism Index 2020: Messuring the Impact of Terrorism. Sydney November 2020. zug\u00e4nglich unter: <\/span><span style=\"font-weight: 400;\">[<em><a href=\"http:\/\/visionofhumanity.org\/reports\">http:\/\/visionofhumanity.org\/reports<\/a><\/em>]<\/span><\/span><\/p>\t\t\t\t\t\t<\/div>\n\t\t\t\t<\/div>\n\t\t\t\t\t<\/div>\n\t\t<\/div>\n\t\t\t\t\t\t\t<\/div>\n\t\t<\/section>\n\t\t\t\t\t<\/div>\n\t\t<\/div>\n\t\t\t\t\t\t\t<\/div>\n\t\t<\/section>\n\t\t\t\t\t\t<\/div>\n\t\t\t\t\t<\/div>\n\t\t","protected":false},"excerpt":{"rendered":"<p>Einf\u00fchrung und Begriffserkl\u00e4rung Rechtsextremismus steht in fundamentalem Widerspruch mit der Vorstellung der Gleichwertigkeit aller Menschen und im Widerspruch zu einer freiheitlichen Gesellschaft. W\u00e4hrend Rechtsstaaten verfassungsm\u00e4ssige Grundfreiheiten garantieren, zielen rechtsextremistische Str\u00f6mungen auf deren Abschaffung. Rechtsextreme streben eine homogene Gesellschaft an, in denen ausschliesslich Menschen gleicher Herkunft leben. Sie wollen politische Gegner*innen, [&hellip;]<\/p>\n","protected":false},"author":1,"featured_media":0,"parent":0,"menu_order":0,"comment_status":"closed","ping_status":"closed","template":"","meta":[],"_links":{"self":[{"href":"https:\/\/rechtsextremismus.ch\/index.php\/wp-json\/wp\/v2\/pages\/32"}],"collection":[{"href":"https:\/\/rechtsextremismus.ch\/index.php\/wp-json\/wp\/v2\/pages"}],"about":[{"href":"https:\/\/rechtsextremismus.ch\/index.php\/wp-json\/wp\/v2\/types\/page"}],"author":[{"embeddable":true,"href":"https:\/\/rechtsextremismus.ch\/index.php\/wp-json\/wp\/v2\/users\/1"}],"replies":[{"embeddable":true,"href":"https:\/\/rechtsextremismus.ch\/index.php\/wp-json\/wp\/v2\/comments?post=32"}],"version-history":[{"count":202,"href":"https:\/\/rechtsextremismus.ch\/index.php\/wp-json\/wp\/v2\/pages\/32\/revisions"}],"predecessor-version":[{"id":2251,"href":"https:\/\/rechtsextremismus.ch\/index.php\/wp-json\/wp\/v2\/pages\/32\/revisions\/2251"}],"wp:attachment":[{"href":"https:\/\/rechtsextremismus.ch\/index.php\/wp-json\/wp\/v2\/media?parent=32"}],"curies":[{"name":"wp","href":"https:\/\/api.w.org\/{rel}","templated":true}]}}